{"id":3,"date":"2025-09-29T14:55:01","date_gmt":"2025-09-29T14:55:01","guid":{"rendered":"https:\/\/hoffnungfuerjeden.com\/wordpress\/?page_id=3"},"modified":"2026-03-24T11:48:08","modified_gmt":"2026-03-24T10:48:08","slug":"privacy-policy","status":"publish","type":"page","link":"https:\/\/hoffnungfuerjeden.com\/index.php\/privacy-policy\/","title":{"rendered":"Impressum"},"content":{"rendered":"\n<h6 class=\"wp-block-heading\">Laut \u00a75 E-Commerce Gesetz, \u00a714 Unternehmensgesetzbuch, \u00a763 Gewerbeordnung und Offenlegungspflicht laut \u00a725 Mediengesetz.<\/h6>\n\n\n\n<p><strong>F\u00fcr die Inhalte verantwortlich:<\/strong><br>Verein Hoffnung f\u00fcr Jeden<br>Au bei hohen Steg 6, 4070 Pupping<br>E-Mail: office@hfj.help<\/p>\n\n\n\n<p><strong>Vereinsdaten<\/strong><br>Obmann: Daniel Heimerl<br>Obmann Stellvertreter: Mathias N\u00fcrnberger<br>Vereinssitz: Linz, AT<br>ZVR-Zahl: 224718319<\/p>\n\n\n\n<p><strong>Vereinszweck<\/strong><br>Der Verein \u201eHoffnung f\u00fcr Jeden\u201c, dessen T\u00e4tigkeit nicht auf Gewinn gerichtet ist, unterst\u00fctzt bed\u00fcrftige Menschen in Linz.<\/p>\n\n\n\n<p><strong>Bildernachweise<\/strong><br>Alle Bilder, Fotos und Grafiken dieser Website sind urheberrechtlich gesch\u00fctzt.<br>Einige diese Bilder wurden gekauft\/erhalten von: stock.adobe.com<\/p>\n\n\n\n<p><strong>Urheberrechtshinweis<\/strong><br>Alle Inhalte dieser Website (Code, Bilder, Fotos, Texte, Videos) unterliegen dem Urheberrecht. Falls notwendig, werden wir die unerlaubte Nutzung unserer Inhalte rechtlich verfolgen. Sollten Sie auf dieser Website Inhalte finden, die das Urheberrecht verletzen, bitten wir Sie uns zu kontaktieren.<\/p>\n\n\n\n<p><strong>Haftung f\u00fcr Links<\/strong><br>Laut \u00a7 17 ECG haften wir nicht f\u00fcr Links mit Verweise auf externe Websites. Falls Ihnen rechtswidrige oder unehrenhafte Links auf unserer Website auffallen, bitten wir Sie uns zu kontaktieren, damit wir sie so schnell wie m\u00f6glich entfernen.<\/p>\n\n\n\n<p><strong>Disclaimer<\/strong><br>\u201eHFJ\u201c pr\u00fcft und aktualisiert die Informationen auf der Homepage st\u00e4ndig. Trotz aller Sorgfalt k\u00f6nnen sich die Daten inzwischen ver\u00e4ndert haben. Eine Haftung oder Garantie f\u00fcr die Aktualit\u00e4t, Richtigkeit und Vollst\u00e4ndigkeit der zur Verf\u00fcgung gestellten Informationen kann daher nicht \u00fcbernommen werden. Die Inhalte verlinkter Internetseiten liegen nicht im Verantwortungsbereich von \u201eHFJ\u201c. F\u00fcr fehlerhafte und unvollst\u00e4ndige Inhalte verlinkter Seiten haftet allein deren Anbieter. Inhalt und Struktur der \u201eHFJ\u201c Webseiten sind urheberrechtlich gesch\u00fctzt. Die Vervielf\u00e4ltigung von Informationen oder Daten, insbesondere die Verwendung von Texten, Textteilen oder Bildmaterial, bedarf der vorherigen Zustimmung von \u201eHFJ\u201c.<\/p>\n\n\n\n\n\n<p class=\"has-text-align-center has-background\" style=\"background-color:#70707012\">IBAN:\u00a0 AT16 3418 0000 0132 3518<br>BIC:\u00a0 RZOOAT2L180<\/p>\n","protected":false},"excerpt":{"rendered":"<p>Laut \u00a75 E-Commerce Gesetz, \u00a714 Unternehmensgesetzbuch, \u00a763 Gewerbeordnung und Offenlegungspflicht laut \u00a725 Mediengesetz. F\u00fcr die Inhalte verantwortlich:Verein Hoffnung f\u00fcr JedenAu bei hohen Steg 6, 4070 &hellip;<\/p>\n","protected":false},"author":1,"featured_media":0,"parent":0,"menu_order":4,"comment_status":"closed","ping_status":"closed","template":"","meta":{"saved_in_kubio":true,"footnotes":""},"class_list":["post-3","page","type-page","status-publish","hentry"],"kubio_ai_page_context":{"short_desc":"","purpose":"general"},"_links":{"self":[{"href":"https:\/\/hoffnungfuerjeden.com\/index.php\/wp-json\/wp\/v2\/pages\/3","targetHints":{"allow":["GET"]}}],"collection":[{"href":"https:\/\/hoffnungfuerjeden.com\/index.php\/wp-json\/wp\/v2\/pages"}],"about":[{"href":"https:\/\/hoffnungfuerjeden.com\/index.php\/wp-json\/wp\/v2\/types\/page"}],"author":[{"embeddable":true,"href":"https:\/\/hoffnungfuerjeden.com\/index.php\/wp-json\/wp\/v2\/users\/1"}],"replies":[{"embeddable":true,"href":"https:\/\/hoffnungfuerjeden.com\/index.php\/wp-json\/wp\/v2\/comments?post=3"}],"version-history":[{"count":10,"href":"https:\/\/hoffnungfuerjeden.com\/index.php\/wp-json\/wp\/v2\/pages\/3\/revisions"}],"predecessor-version":[{"id":480,"href":"https:\/\/hoffnungfuerjeden.com\/index.php\/wp-json\/wp\/v2\/pages\/3\/revisions\/480"}],"wp:attachment":[{"href":"https:\/\/hoffnungfuerjeden.com\/index.php\/wp-json\/wp\/v2\/media?parent=3"}],"curies":[{"name":"wp","href":"https:\/\/api.w.org\/{rel}","templated":true}]}}