{"id":467,"date":"2025-10-06T19:06:24","date_gmt":"2025-10-06T17:06:24","guid":{"rendered":"https:\/\/hoffnungfuerjeden.com\/?page_id=467"},"modified":"2025-10-06T19:17:03","modified_gmt":"2025-10-06T17:17:03","slug":"datenschutz","status":"publish","type":"page","link":"https:\/\/hoffnungfuerjeden.com\/index.php\/datenschutz\/","title":{"rendered":"Datenschutz"},"content":{"rendered":"\n<p>Allgemein ist zu sagen, dass wir versuchen m\u00f6glichst wenig Daten zu speichern um den Schutzbedarf m\u00f6glichst gering zu halten.<\/p>\n\n\n\n<p><strong>Datenschutzerkl\u00e4rung<br><\/strong>Der Schutz Ihrer pers\u00f6nlichen Daten ist uns wichtig. In diesen Datenschutzinformationen informieren wir Sie \u00fcber die wichtigsten Aspekte der Datenverarbeitung im Rahmen unserer Website.<\/p>\n\n\n\n<p><strong>Kontaktdaten<\/strong><br>Bei Fragen oder Anliegen wenden Sie sich bitte an:<\/p>\n\n\n\n<p>Hoffnung f\u00fcr Jeden<br>Mengerstra\u00dfe 23, 4040 Linz<br><a href=\"mailto:info@christen-gallneukirchen.at\">office@hfj.help<\/a><br>Obmann: Daniel Heimerl<\/p>\n\n\n\n<p><strong>\u00dcbermittlung Ihrer Daten<\/strong><br>Ihre Daten werden von mir mit gr\u00f6\u00dfter Sorgfalt behandelt. Eine \u00dcbermittlung Ihrer Daten findet nur soweit statt, als dies zur Aufrechterhaltung der elektronischen Dienste (IT-Provider\/Hoster) notwendig ist.<\/p>\n\n\n\n<p><strong>Kontakt mit uns<\/strong><br>Wenn Sie per Formular auf der Website oder per E-Mail Kontakt mit uns aufnehmen, werden Ihre angegebenen Daten zwecks Bearbeitung der Anfrage und f\u00fcr den Fall von Anschlussfragen bei uns gespeichert.<\/p>\n\n\n\n<p><strong>Cookies<\/strong><br>Wir verwenden nur Cookies die \u201etechnisch notwendig\u201c sind, zu technischen Zwecken zur Aufrechterhaltung von aktuellen Benutzersessions.<\/p>\n\n\n\n<p><strong>Web-Analyse<\/strong><br>Wir verwenden keine Analyse-Tools.<\/p>\n\n\n\n<p><strong>Drittanbieter \/ Cookies und Analyse<\/strong><\/p>\n\n\n\n<p><strong>WordPress<br><\/strong>Zur visuellen Gestaltung verwenden wir die Plattform und Dienstleistungen von WordPress.org. Allgemeine Informationen zum Datenschutz bei WordPress.org sind hier zu finden: <a href=\"https:\/\/de.wordpress.org\/about\/privacy\/\">https:\/\/de.wordpress.org\/about\/privacy\/<\/a><br>Unser berechtigtes Interesse an der Verwendung von WordPress.org liegt darin, ein einheitliches Erscheinungsbild der Webseite sicherzustellen, um die Funktionalit\u00e4t auf allen Endger\u00e4ten zu gew\u00e4hrleisten. Die rechtliche Grundlage der Verarbeitung ist daher Art. 6 Abs. 1 lit. f DSGVO.<\/p>\n\n\n\n<p>Verwendetes Theme: Bravada&nbsp;<\/p>\n\n\n","protected":false},"excerpt":{"rendered":"<p>Allgemein ist zu sagen, dass wir versuchen m\u00f6glichst wenig Daten zu speichern um den Schutzbedarf m\u00f6glichst gering zu halten. Datenschutzerkl\u00e4rungDer Schutz Ihrer pers\u00f6nlichen Daten ist &hellip;<\/p>\n","protected":false},"author":1,"featured_media":0,"parent":0,"menu_order":0,"comment_status":"closed","ping_status":"closed","template":"","meta":{"saved_in_kubio":false,"footnotes":""},"class_list":["post-467","page","type-page","status-publish","hentry"],"kubio_ai_page_context":{"short_desc":"","purpose":"general"},"_links":{"self":[{"href":"https:\/\/hoffnungfuerjeden.com\/index.php\/wp-json\/wp\/v2\/pages\/467","targetHints":{"allow":["GET"]}}],"collection":[{"href":"https:\/\/hoffnungfuerjeden.com\/index.php\/wp-json\/wp\/v2\/pages"}],"about":[{"href":"https:\/\/hoffnungfuerjeden.com\/index.php\/wp-json\/wp\/v2\/types\/page"}],"author":[{"embeddable":true,"href":"https:\/\/hoffnungfuerjeden.com\/index.php\/wp-json\/wp\/v2\/users\/1"}],"replies":[{"embeddable":true,"href":"https:\/\/hoffnungfuerjeden.com\/index.php\/wp-json\/wp\/v2\/comments?post=467"}],"version-history":[{"count":4,"href":"https:\/\/hoffnungfuerjeden.com\/index.php\/wp-json\/wp\/v2\/pages\/467\/revisions"}],"predecessor-version":[{"id":471,"href":"https:\/\/hoffnungfuerjeden.com\/index.php\/wp-json\/wp\/v2\/pages\/467\/revisions\/471"}],"wp:attachment":[{"href":"https:\/\/hoffnungfuerjeden.com\/index.php\/wp-json\/wp\/v2\/media?parent=467"}],"curies":[{"name":"wp","href":"https:\/\/api.w.org\/{rel}","templated":true}]}}